{"id":24765,"date":"2019-07-18T16:14:43","date_gmt":"2019-07-18T14:14:43","guid":{"rendered":"https:\/\/www.instawood.com\/stores-2\/"},"modified":"2024-07-17T17:48:22","modified_gmt":"2024-07-17T15:48:22","slug":"stores","status":"publish","type":"page","link":"https:\/\/www.instawood.com\/en\/stores\/","title":{"rendered":"Stores"},"content":{"rendered":"<p>[et_pb_section fb_built=&#8221;1&#8243; specialty=&#8221;on&#8221; _builder_version=&#8221;4.16&#8243; custom_padding=&#8221;60px|0px|31px|0px|false|false&#8221; global_colors_info=&#8221;{}&#8221;][et_pb_column type=&#8221;1_2&#8243; specialty_columns=&#8221;2&#8243; _builder_version=&#8221;4.16&#8243; custom_padding=&#8221;|||&#8221; global_colors_info=&#8221;{}&#8221; custom_padding__hover=&#8221;|||&#8221;][et_pb_row_inner _builder_version=&#8221;4.16&#8243; custom_padding=&#8221;28.1562px|0px|0|0px|false|false&#8221; global_colors_info=&#8221;{}&#8221;][et_pb_column_inner saved_specialty_column_type=&#8221;1_2&#8243; _builder_version=&#8221;4.16&#8243; custom_padding=&#8221;|||&#8221; global_colors_info=&#8221;{}&#8221; custom_padding__hover=&#8221;|||&#8221;][et_pb_text _builder_version=&#8221;4.18.1&#8243; header_font=&#8221;||||||||&#8221; header_text_align=&#8221;left&#8221; header_text_color=&#8221;#000000&#8243; header_font_size=&#8221;27px&#8221; global_colors_info=&#8221;{}&#8221;]<\/p>\n<h1>Instawood Stores<\/h1>\n<p>[\/et_pb_text][\/et_pb_column_inner][\/et_pb_row_inner][et_pb_row_inner _builder_version=&#8221;4.16&#8243; custom_padding=&#8221;22px|0px|0|0px|false|false&#8221; global_colors_info=&#8221;{}&#8221;][et_pb_column_inner saved_specialty_column_type=&#8221;1_2&#8243; _builder_version=&#8221;4.16&#8243; custom_padding=&#8221;|||&#8221; global_colors_info=&#8221;{}&#8221; custom_padding__hover=&#8221;|||&#8221;][et_pb_text _builder_version=&#8221;4.16&#8243; text_font=&#8221;DinPro||||||||&#8221; text_text_color=&#8221;#000000&#8243; text_font_size=&#8221;16px&#8221; text_line_height=&#8221;2em&#8221; header_font=&#8221;||||||||&#8221; header_2_font=&#8221;DinPro||||||||&#8221; header_2_text_color=&#8221;#000000&#8243; header_2_font_size=&#8221;21px&#8221; max_width=&#8221;90%&#8221; custom_margin=&#8221;21px|||&#8221; custom_padding=&#8221;||1px|||&#8221; inline_fonts=&#8221;Dancing Script&#8221; global_colors_info=&#8221;{}&#8221;]<\/p>\n<h2>Instawood Galerie Royale Saint-Hubert<\/h2>\n<p>&nbsp;<\/p>\n<p>In the heart of Brussels, a stone&#8217;s throw from the Grand-Place, come and discover our Artprint collections, as well as our Lightboxes and Accesoires, in the majestic Galeries Royales Saint-Hubert.<\/p>\n<p>You can also pick up your orders during opening hours.<\/p>\n<p>&nbsp;<\/p>\n<p>[\/et_pb_text][\/et_pb_column_inner][\/et_pb_row_inner][et_pb_row_inner _builder_version=&#8221;4.18.1&#8243; custom_padding=&#8221;28.1562px|0px|16px|0px|false|false&#8221; global_colors_info=&#8221;{}&#8221;][et_pb_column_inner saved_specialty_column_type=&#8221;1_2&#8243; _builder_version=&#8221;4.16&#8243; custom_padding=&#8221;|||&#8221; global_colors_info=&#8221;{}&#8221; custom_padding__hover=&#8221;|||&#8221;][et_pb_text _builder_version=&#8221;4.18.1&#8243; text_font=&#8221;DinPro-Medium||||||||&#8221; text_text_color=&#8221;#000000&#8243; text_font_size=&#8221;22px&#8221; custom_margin=&#8221;||0px|&#8221; custom_padding=&#8221;||0px|||&#8221; hover_enabled=&#8221;0&#8243; global_colors_info=&#8221;{}&#8221; sticky_enabled=&#8221;0&#8243;]<\/p>\n<p><img loading=\"lazy\" decoding=\"async\" src=\"https:\/\/i0.wp.com\/www.instawood.com\/wp-content\/uploads\/2019\/02\/placeholder-5.png?resize=21%2C16&#038;ssl=1\" width=\"21\" height=\"16\" alt=\"\" class=\"wp-image-1129 alignnone size-full\" data-recalc-dims=\"1\" \/> Galerie du Roi 16, 1000 Brussels<\/p>\n<p><span style=\"font-size: medium;\">The store is open every day from 10:30 a.m. to 7 p.m.\u00a0<\/span><\/p>\n<p>[\/et_pb_text][\/et_pb_column_inner][\/et_pb_row_inner][\/et_pb_column][et_pb_column type=&#8221;1_2&#8243; _builder_version=&#8221;4.16&#8243; custom_padding=&#8221;|||&#8221; global_colors_info=&#8221;{}&#8221; custom_padding__hover=&#8221;|||&#8221;][et_pb_image src=&#8221;https:\/\/www.instawood.com\/wp-content\/uploads\/2024\/07\/Capture-decran-2024-07-17-a-14.57.06.png&#8221; title_text=&#8221;Capture d\u2019e\u0301cran 2024-07-17 a\u0300 14.57.06&#8243; align_tablet=&#8221;center&#8221; align_phone=&#8221;&#8221; align_last_edited=&#8221;on|desktop&#8221; disabled_on=&#8221;on|on|off&#8221; _builder_version=&#8221;4.18.1&#8243; max_width=&#8221;87%&#8221; module_alignment=&#8221;center&#8221; custom_margin=&#8221;1px|||||&#8221; animation_style=&#8221;fade&#8221; hover_enabled=&#8221;0&#8243; border_width_all=&#8221;4px&#8221; border_color_all=&#8221;#000000&#8243; box_shadow_style=&#8221;preset1&#8243; global_colors_info=&#8221;{}&#8221; sticky_enabled=&#8221;0&#8243;][\/et_pb_image][\/et_pb_column][\/et_pb_section][et_pb_section fb_built=&#8221;1&#8243; specialty=&#8221;on&#8221; _builder_version=&#8221;4.16&#8243; custom_padding=&#8221;60px|0px|31px|0px|false|false&#8221; global_colors_info=&#8221;{}&#8221;][et_pb_column type=&#8221;1_2&#8243; specialty_columns=&#8221;2&#8243; _builder_version=&#8221;4.16&#8243; custom_padding=&#8221;|||&#8221; global_colors_info=&#8221;{}&#8221; custom_padding__hover=&#8221;|||&#8221;][et_pb_row_inner _builder_version=&#8221;4.16&#8243; custom_padding=&#8221;22px|0px|0|0px|false|false&#8221; global_colors_info=&#8221;{}&#8221;][et_pb_column_inner saved_specialty_column_type=&#8221;1_2&#8243; _builder_version=&#8221;4.16&#8243; custom_padding=&#8221;|||&#8221; global_colors_info=&#8221;{}&#8221; custom_padding__hover=&#8221;|||&#8221;][et_pb_text _builder_version=&#8221;4.16&#8243; text_font=&#8221;DinPro||||||||&#8221; text_text_color=&#8221;#000000&#8243; text_font_size=&#8221;16px&#8221; text_line_height=&#8221;2em&#8221; header_font=&#8221;||||||||&#8221; header_2_font=&#8221;DinPro||||||||&#8221; header_2_text_color=&#8221;#000000&#8243; header_2_font_size=&#8221;21px&#8221; max_width=&#8221;90%&#8221; custom_margin=&#8221;21px|||&#8221; custom_padding=&#8221;||2px|||&#8221; inline_fonts=&#8221;Dancing Script&#8221; global_colors_info=&#8221;{}&#8221;]<\/p>\n<h2>Instawood Marolles<\/h2>\n<p>&nbsp;<\/p>\n<p>Located in the popular district of Marolles, come to discover our collections of Artprint, as well as our Lightbox, Accessories and Lettering.<\/p>\n<p>On the spot, it is possible to make minute photo prints on wood.<\/p>\n<p>You can also withdraw your orders during the opening hours.<\/p>\n<p>[\/et_pb_text][\/et_pb_column_inner][\/et_pb_row_inner][et_pb_row_inner _builder_version=&#8221;4.18.1&#8243; custom_padding=&#8221;28.1562px|0px|16px|0px|false|false&#8221; global_colors_info=&#8221;{}&#8221;][et_pb_column_inner saved_specialty_column_type=&#8221;1_2&#8243; _builder_version=&#8221;4.16&#8243; custom_padding=&#8221;|||&#8221; global_colors_info=&#8221;{}&#8221; custom_padding__hover=&#8221;|||&#8221;][et_pb_text _builder_version=&#8221;4.18.1&#8243; text_font=&#8221;DinPro-Medium||||||||&#8221; text_text_color=&#8221;#000000&#8243; text_font_size=&#8221;22px&#8221; custom_margin=&#8221;||0px|&#8221; custom_padding=&#8221;||0px|&#8221; global_colors_info=&#8221;{}&#8221;]<\/p>\n<p><img loading=\"lazy\" decoding=\"async\" src=\"https:\/\/i0.wp.com\/www.instawood.com\/wp-content\/uploads\/2019\/02\/placeholder-5.png?resize=21%2C16&#038;ssl=1\" width=\"21\" height=\"16\" alt=\"\" class=\"wp-image-1129 alignnone size-full\" data-recalc-dims=\"1\" \/>\u00a0Rue Haute 109, 1000 Brussels<\/p>\n<p><span style=\"font-size: medium;\">The store is open Saturday and Sunday from 11am to 6pm<\/span><\/p>\n<p>[\/et_pb_text][\/et_pb_column_inner][\/et_pb_row_inner][\/et_pb_column][et_pb_column type=&#8221;1_2&#8243; _builder_version=&#8221;4.16&#8243; custom_padding=&#8221;|||&#8221; global_colors_info=&#8221;{}&#8221; custom_padding__hover=&#8221;|||&#8221;][et_pb_image src=&#8221;https:\/\/www.instawood.com\/wp-content\/uploads\/2022\/11\/instawood-marolles.jpg&#8221; title_text=&#8221;instawood marolles&#8221; align_tablet=&#8221;center&#8221; align_phone=&#8221;&#8221; align_last_edited=&#8221;on|desktop&#8221; disabled_on=&#8221;on|on|off&#8221; _builder_version=&#8221;4.18.1&#8243; max_width=&#8221;87%&#8221; module_alignment=&#8221;center&#8221; custom_margin=&#8221;1px|||||&#8221; animation_style=&#8221;fade&#8221; border_width_all=&#8221;4px&#8221; border_color_all=&#8221;#000000&#8243; box_shadow_style=&#8221;preset1&#8243; global_colors_info=&#8221;{}&#8221;][\/et_pb_image][\/et_pb_column][\/et_pb_section]<\/p>\n","protected":false},"excerpt":{"rendered":"<p>Instawood StoresInstawood Galerie Royale Saint-Hubert &nbsp; In the heart of Brussels, a stone&#8217;s throw from the Grand-Place, come and discover our Artprint collections, as well as our Lightboxes and Accesoires, in the majestic Galeries Royales Saint-Hubert. You can also pick up your orders during opening hours. &nbsp; Galerie du Roi 16, 1000 Brussels The store [&hellip;]<\/p>\n","protected":false},"author":3,"featured_media":0,"parent":0,"menu_order":0,"comment_status":"closed","ping_status":"closed","template":"","meta":{"_et_pb_use_builder":"on","_et_pb_old_content":"[et_pb_section fb_built=\"1\" specialty=\"on\" _builder_version=\"3.22.3\" custom_padding=\"60px|0px|31px|0px|false|false\"][et_pb_column type=\"1_2\" specialty_columns=\"2\" _builder_version=\"3.0.47\"][et_pb_row_inner custom_padding=\"28.1562px|0px|0|0px|false|false\" _builder_version=\"3.15\"][et_pb_column_inner type=\"4_4\" saved_specialty_column_type=\"1_2\" _builder_version=\"3.0.47\"][et_pb_text _builder_version=\"3.22.4\" header_font=\"||||||||\" header_text_align=\"left\" header_text_color=\"#000000\" header_font_size=\"27px\"]\n<h1>Le magasin Instawood<\/h1>\n[\/et_pb_text][\/et_pb_column_inner][\/et_pb_row_inner][et_pb_row_inner custom_padding=\"22px|0px|0|0px|false|false\" _builder_version=\"3.15\"][et_pb_column_inner type=\"4_4\" saved_specialty_column_type=\"1_2\" _builder_version=\"3.0.47\"][et_pb_text _builder_version=\"3.15\" text_font=\"DinPro||||||||\" text_text_color=\"#000000\" text_font_size=\"16px\" text_line_height=\"2em\" header_font=\"||||||||\" header_2_font=\"DinPro||||||||\" header_2_text_color=\"#000000\" header_2_font_size=\"21px\" max_width=\"90%\" custom_margin=\"21px|||\" inline_fonts=\"Dancing Script\"]\n<h2>Atelier en ville<\/h2>\n<p class=\"font_7\"><span>Il est toujours possible de faire une pause coffee \u00e0 L'Atelier En Ville.&nbsp;\n<\/span>Dans&nbsp;Les Marolles, il est agr\u00e9able de se d\u00e9tendre dans le jardin apr\u00e8s avoir fl\u00e2n\u00e9 Place du Jeu de Balle, un bagel mozza, une infusion gingembre cannelle et c'est reparti...\n\n[\/et_pb_text][\/et_pb_column_inner][\/et_pb_row_inner][et_pb_row_inner custom_padding=\"28.1562px|0px|16px|0px|false|false\" _builder_version=\"3.15\"][et_pb_column_inner type=\"4_4\" saved_specialty_column_type=\"1_2\" _builder_version=\"3.0.47\"][et_pb_text _builder_version=\"3.15\" text_font=\"DinPro-Medium||||||||\" text_text_color=\"#000000\" text_font_size=\"22px\" custom_margin=\"||0px|\" custom_padding=\"||0px|\"]<img src=\"https:\/\/www.instawood.com\/wp-content\/uploads\/2019\/02\/placeholder-5.png\" width=\"21\" height=\"16\" alt=\"\" class=\"wp-image-1129 alignnone size-full\">&nbsp;Rue haute 64, 1000 Bruxelles[\/et_pb_text][\/et_pb_column_inner][\/et_pb_row_inner][\/et_pb_column][et_pb_column type=\"1_2\" _builder_version=\"3.0.47\"][et_pb_image src=\"https:\/\/www.instawood.com\/wp-content\/uploads\/2018\/12\/43083244_336843123533259_8737758675138184776_n.jpg\" disabled_on=\"on|on|off\" _builder_version=\"3.15\" border_color_all=\"#000000\" box_shadow_style=\"preset1\" max_width=\"70%\" module_alignment=\"center\" custom_margin=\"50px|||\" animation_style=\"fade\"][\/et_pb_image][\/et_pb_column][\/et_pb_section]","_et_gb_content_width":"","inline_featured_image":false,"footnotes":""},"class_list":["post-24765","page","type-page","status-publish","hentry"],"acf":[],"translations":{"fr":18309,"en":24765},"_links":{"self":[{"href":"https:\/\/www.instawood.com\/en\/wp-json\/wp\/v2\/pages\/24765","targetHints":{"allow":["GET"]}}],"collection":[{"href":"https:\/\/www.instawood.com\/en\/wp-json\/wp\/v2\/pages"}],"about":[{"href":"https:\/\/www.instawood.com\/en\/wp-json\/wp\/v2\/types\/page"}],"author":[{"embeddable":true,"href":"https:\/\/www.instawood.com\/en\/wp-json\/wp\/v2\/users\/3"}],"replies":[{"embeddable":true,"href":"https:\/\/www.instawood.com\/en\/wp-json\/wp\/v2\/comments?post=24765"}],"version-history":[{"count":7,"href":"https:\/\/www.instawood.com\/en\/wp-json\/wp\/v2\/pages\/24765\/revisions"}],"predecessor-version":[{"id":117047,"href":"https:\/\/www.instawood.com\/en\/wp-json\/wp\/v2\/pages\/24765\/revisions\/117047"}],"wp:attachment":[{"href":"https:\/\/www.instawood.com\/en\/wp-json\/wp\/v2\/media?parent=24765"}],"curies":[{"name":"wp","href":"https:\/\/api.w.org\/{rel}","templated":true}]}}