{"id":109,"date":"2018-10-16T21:32:56","date_gmt":"2018-10-16T19:32:56","guid":{"rendered":"https:\/\/www.instawood.com\/?page_id=109"},"modified":"2024-08-02T19:04:36","modified_gmt":"2024-08-02T17:04:36","slug":"notre-histoire","status":"publish","type":"page","link":"https:\/\/www.instawood.com\/fr\/notre-histoire\/","title":{"rendered":"Notre histoire"},"content":{"rendered":"<p>[et_pb_section fb_built=\u00a0\u00bb1&Prime; _builder_version=\u00a0\u00bb4.16&Prime; custom_padding=\u00a0\u00bb0px||216px|||\u00a0\u00bb global_colors_info=\u00a0\u00bb{}\u00a0\u00bb][et_pb_row column_structure=\u00a0\u00bb1_2,1_2&Prime; _builder_version=\u00a0\u00bb4.16&Prime; _module_preset=\u00a0\u00bbdefault\u00a0\u00bb custom_padding=\u00a0\u00bb0px|||||\u00a0\u00bb global_colors_info=\u00a0\u00bb{}\u00a0\u00bb][et_pb_column type=\u00a0\u00bb1_2&Prime; _builder_version=\u00a0\u00bb4.16&Prime; _module_preset=\u00a0\u00bbdefault\u00a0\u00bb global_colors_info=\u00a0\u00bb{}\u00a0\u00bb][et_pb_text _builder_version=\u00a0\u00bb4.16&Prime; text_font=\u00a0\u00bbDinPro||||||||\u00a0\u00bb text_text_color=\u00a0\u00bb#000000&Prime; text_font_size=\u00a0\u00bb16px\u00a0\u00bb text_line_height=\u00a0\u00bb2em\u00a0\u00bb header_line_height=\u00a0\u00bb3.5em\u00a0\u00bb header_2_font=\u00a0\u00bbDinPro-Black||||||||\u00a0\u00bb header_2_text_color=\u00a0\u00bb#000000&Prime; max_width=\u00a0\u00bb90%\u00a0\u00bb custom_margin=\u00a0\u00bb0px|||||\u00a0\u00bb inline_fonts=\u00a0\u00bbDancing Script,DinPro-Bold\u00a0\u00bb global_colors_info=\u00a0\u00bb{}\u00a0\u00bb]<\/p>\n<h1><span style=\"font-weight: 400;\"><\/span><\/h1>\n<h1><span style=\"font-weight: 400;\"><\/span><\/h1>\n<h1><span style=\"font-weight: 400;\"><\/span><\/h1>\n<h1><span style=\"font-weight: 400;\"><\/span><\/h1>\n<h1><span style=\"font-weight: 400;\"><\/span><\/h1>\n<h1><span style=\"font-weight: 400;\"><\/span><\/h1>\n<h1><span style=\"font-family: DinPro-Bold;\"><strong>Notre histoire<\/strong><\/span><b><\/b><\/h1>\n<p><b>Instawood est une entreprise belge d&rsquo;impression sur bois<\/b><span style=\"font-weight: 400;\">. Nous vous proposons des tirages de vos photos, ainsi que des \u00e9l\u00e9ments de d\u00e9coration pour votre int\u00e9rieur.<\/span><\/p>\n<p><span style=\"font-weight: 400;\">Vous pouvez retrouver nos produits de d\u00e9coration murale dans notre magasin \u00e0 Bruxelles, ou sur notre boutique en ligne.<\/span><\/p>\n<p>&nbsp;<\/p>\n<p>[\/et_pb_text][et_pb_text _builder_version=\u00a0\u00bb4.16&Prime; text_font=\u00a0\u00bbDinPro||||||||\u00a0\u00bb text_text_color=\u00a0\u00bb#000000&Prime; text_font_size=\u00a0\u00bb16px\u00a0\u00bb text_line_height=\u00a0\u00bb2em\u00a0\u00bb header_line_height=\u00a0\u00bb1.5em\u00a0\u00bb header_2_font=\u00a0\u00bbDinPro-Black||||||||\u00a0\u00bb header_2_text_color=\u00a0\u00bb#000000&Prime; max_width=\u00a0\u00bb90%\u00a0\u00bb custom_margin=\u00a0\u00bb0px|||||\u00a0\u00bb inline_fonts=\u00a0\u00bbDancing Script,DinPro,DinPro-Bold\u00a0\u00bb global_colors_info=\u00a0\u00bb{}\u00a0\u00bb]<\/p>\n<h2><span style=\"font-family: DinPro-Bold; font-weight: normal;\"><strong>Une entreprise familiale, <\/strong><\/span><\/h2>\n<h2><span style=\"font-family: DinPro-Bold; font-weight: normal;\"><strong>locale et artisanale<\/strong><\/span><\/h2>\n<p><span style=\"font-weight: 400; font-family: DinPro;\"><\/span><\/p>\n<p><span style=\"font-weight: 400; font-family: DinPro;\"><\/span><\/p>\n<p><span style=\"font-family: DinPro;\"><b><\/b><\/span><\/p>\n<p><span style=\"font-weight: 400; font-family: DinPro;\">L\u2019id\u00e9e d\u2019Instawood appara\u00eet en 2011 dans le corner de notre premier \u00e9tablissement \u00e0 Bruxelles. Mehdi Kaci, son fondateur, est un passionn\u00e9 de d\u00e9co. Il souhaite imprimer ses photos et d\u00e9cide de faire ses propres tests sur une machine.\u00a0<\/span><\/p>\n<p><span style=\"font-weight: 400; font-family: DinPro;\">Mehdi s\u2019interroge sur sa production de d\u00e9chets, et d\u00e9cide d\u2019imprimer sur les chutes de bois d\u2019un artisan menuisier. C\u2019est le coup de c\u0153ur : la couleur et les veinures du bois offrent un rendu unique aux photos.<\/span><\/p>\n<p><span style=\"font-weight: 400; font-family: DinPro;\">C\u2019est ainsi qu\u2019en 2018, l\u2019entreprise Instawood na\u00eet, apr\u00e8s de nombreuses optimisations.\u00a0<\/span><\/p>\n<p><span style=\"font-weight: 400; font-family: DinPro;\">Le bois retenu sera celui du bouleau, un bois naturel, r\u00e9sistant et clair.\u00a0<\/span><\/p>\n<p><span style=\"font-weight: 400; font-family: DinPro;\">Aujourd\u2019hui, Instawood est une petite \u00e9quipe de passionn\u00e9s qui collabore avec des menuiseries \u00e0 Bruxelles, s\u2019inscrivant ainsi dans une cha\u00eene de production locale.<\/span><span style=\"font-weight: 400; font-family: DinPro;\"><\/span><\/p>\n<p><span style=\"font-weight: 400; font-family: DinPro;\"><\/span><\/p>\n<p><span style=\"font-weight: 400; font-family: DinPro;\"><\/span><\/p>\n<h2><span style=\"font-family: DinPro;\"><span style=\"font-family: DinPro-Bold; font-weight: normal;\"><strong>Un engagement \u00e9co-responsable<\/strong><\/span><span style=\"font-weight: 400;\"><\/span><\/span><span style=\"font-weight: 400; font-family: DinPro;\"><\/span><\/h2>\n<p><span style=\"font-weight: 400; font-family: DinPro;\"><\/span><\/p>\n<p><span style=\"font-weight: 400; font-family: DinPro;\"><\/span><\/p>\n<p><span style=\"font-weight: 400; font-family: DinPro;\">Chez Instawood, l\u2019\u00e9cologie est au c\u0153ur de nos pr\u00e9occupations.\u00a0<\/span><\/p>\n<p><span style=\"font-weight: 400; font-family: DinPro;\">Notre cha\u00eene de production est \u00e9co-responsable et sans d\u00e9chet. En effet, les impressions sont faites sur du bois naturel <b>certifi\u00e9 FSC<\/b> et originaire d\u2019Europe. Nous avons d\u00e9velopp\u00e9 diff\u00e9rents formats de sorte \u00e0 n\u2019avoir aucune chute, et donc aucune perte. De plus, nos petits formats sont imprim\u00e9s sur du bois recycl\u00e9.<\/span><\/p>\n<p><span style=\"font-family: DinPro;\"><span style=\"font-weight: 400;\">Nous accordons \u00e9galement une grande importance \u00e0 l\u2019origine et \u00e0 la composition de nos produits. Nous n\u2019utilisons aucune colle toxique, et 70% de nos encres sont <\/span><b>certifi\u00e9es Greenguard<\/b><span style=\"font-weight: 400;\">. Ces encres r\u00e9pondent \u00e0 des normes d\u2019\u00e9missions chimiques rigoureuses, et sont les seules autoris\u00e9es pour les environnements sensibles tels que les \u00e9coles et les \u00e9tablissements de sant\u00e9.\u00a0<\/span><\/span><\/p>\n<p><span style=\"font-family: DinPro;\"><span style=\"font-weight: 400;\">\u00a0<\/span><span style=\"font-weight: 400;\">L\u2019attention que nous portons au d\u00e9veloppement durable nous pousse \u00e0 toujours am\u00e9liorer nos processus de fabrication. Aussi, la conversion de l\u2019ensemble de notre parc machine aux encres Greenguard fait partie de nos objectifs pour les ann\u00e9es \u00e0 venir.<\/span><\/span><span style=\"font-weight: 400; font-family: DinPro;\"><\/span><\/p>\n<p><span style=\"font-weight: 400; font-family: DinPro;\"><\/span><\/p>\n<p><span style=\"font-weight: 400; font-family: DinPro;\"><\/span><\/p>\n<h2><strong><span style=\"font-family: DinPro-Bold;\">Le bois de bouleau : <\/span><\/strong><\/h2>\n<h2><span style=\"font-family: DinPro;\"><strong><span style=\"font-family: DinPro-Bold;\">un art d\u00e9coratif authentique<\/span><\/strong><span style=\"font-weight: 400;\"><\/span><span style=\"font-weight: 400;\"><\/span><span style=\"font-weight: 400;\"><\/span><span style=\"font-weight: 400;\"><\/span><\/span><\/h2>\n<p><span style=\"font-weight: 400; font-family: DinPro;\"><\/span><\/p>\n<p><span style=\"font-family: DinPro;\">\u00a0<\/span><span style=\"font-weight: 400; font-family: DinPro;\">Notre mat\u00e9riau de pr\u00e9dilection, le bois, est un support noble. Une fois imprim\u00e9, il apporte une authenticit\u00e9 \u00e0 vos souvenirs et se d\u00e9cline facilement en objet de d\u00e9coration personnalisable \u00e0 l\u2019infini.<\/span><\/p>\n<p><span style=\"font-weight: 400; font-family: DinPro;\">Nous souhaitons permettre \u00e0 tous &#8211; artistes, entreprises et particuliers &#8211; de r\u00e9aliser des impressions num\u00e9riques sur bois de ses photos ou ses \u0153uvres. Dans la section <a href=\"https:\/\/www.instawood.com\/fr\/tirage-photo\/\"><strong>TIRAGE PHOTO<\/strong><\/a>, vous pourrez personnaliser votre tirage, et imprimer toutes vos images.\u00a0<\/span><\/p>\n<p><span style=\"font-weight: 400; font-family: DinPro;\">Nous vous proposons \u00e9galement une s\u00e9lection de d\u00e9coration murale illustr\u00e9e dans la section <a href=\"https:\/\/www.instawood.com\/fr\/artprint\/\"><strong>ARTPRINT<\/strong><\/a>. Vous d\u00e9couvrirez les \u0153uvres d\u2019artistes soigneusement s\u00e9lectionn\u00e9s par notre \u00e9quipe, ainsi que des capsules sign\u00e9es Instawood pens\u00e9es pour vos int\u00e9rieurs.<\/span><\/p>\n<p><span style=\"font-weight: 400; font-family: DinPro;\">Enfin, nous mettons \u00e0 disposition des cadres, et autres accessoires pour parfaire votre d\u00e9co.<\/span><\/p>\n<p><b><\/b><\/p>\n<p><span style=\"font-weight: 400;\"><\/span><\/p>\n<p>[\/et_pb_text][\/et_pb_column][et_pb_column type=\u00a0\u00bb1_2&Prime; _builder_version=\u00a0\u00bb4.16&Prime; _module_preset=\u00a0\u00bbdefault\u00a0\u00bb global_colors_info=\u00a0\u00bb{}\u00a0\u00bb][et_pb_image src=\u00a0\u00bbhttps:\/\/www.instawood.com\/wp-content\/uploads\/2024\/08\/Capture-decran-2024-08-02-a-19.03.36.png\u00a0\u00bb title_text=\u00a0\u00bbCapture d\u2019e\u0301cran 2024-08-02 a\u0300 19.03.36&Prime; _builder_version=\u00a0\u00bb4.18.1&Prime; _module_preset=\u00a0\u00bbdefault\u00a0\u00bb min_height=\u00a0\u00bb104.3px\u00a0\u00bb custom_margin=\u00a0\u00bb||-219px|||\u00a0\u00bb custom_padding=\u00a0\u00bb102px||36px|||\u00a0\u00bb filter_saturate=\u00a0\u00bb75%\u00a0\u00bb hover_enabled=\u00a0\u00bb0&Prime; border_width_all=\u00a0\u00bb5px\u00a0\u00bb border_color_all=\u00a0\u00bb#000000&Prime; global_colors_info=\u00a0\u00bb{}\u00a0\u00bb sticky_enabled=\u00a0\u00bb0&Prime;][\/et_pb_image][\/et_pb_column][\/et_pb_row][\/et_pb_section]<\/p>\n","protected":false},"excerpt":{"rendered":"<p>Notre histoire Instawood est une entreprise belge d&rsquo;impression sur bois. Nous vous proposons des tirages de vos photos, ainsi que des \u00e9l\u00e9ments de d\u00e9coration pour votre int\u00e9rieur. Vous pouvez retrouver nos produits de d\u00e9coration murale dans notre magasin \u00e0 Bruxelles, ou sur notre boutique en ligne. &nbsp;Une entreprise familiale, locale et artisanale L\u2019id\u00e9e d\u2019Instawood appara\u00eet [&hellip;]<\/p>\n","protected":false},"author":1,"featured_media":0,"parent":0,"menu_order":0,"comment_status":"closed","ping_status":"closed","template":"","meta":{"_et_pb_use_builder":"on","_et_pb_old_content":"","_et_gb_content_width":"","inline_featured_image":false,"footnotes":""},"class_list":["post-109","page","type-page","status-publish","hentry"],"acf":[],"translations":{"fr":109,"en":25037},"_links":{"self":[{"href":"https:\/\/www.instawood.com\/fr\/wp-json\/wp\/v2\/pages\/109","targetHints":{"allow":["GET"]}}],"collection":[{"href":"https:\/\/www.instawood.com\/fr\/wp-json\/wp\/v2\/pages"}],"about":[{"href":"https:\/\/www.instawood.com\/fr\/wp-json\/wp\/v2\/types\/page"}],"author":[{"embeddable":true,"href":"https:\/\/www.instawood.com\/fr\/wp-json\/wp\/v2\/users\/1"}],"replies":[{"embeddable":true,"href":"https:\/\/www.instawood.com\/fr\/wp-json\/wp\/v2\/comments?post=109"}],"version-history":[{"count":5,"href":"https:\/\/www.instawood.com\/fr\/wp-json\/wp\/v2\/pages\/109\/revisions"}],"predecessor-version":[{"id":117070,"href":"https:\/\/www.instawood.com\/fr\/wp-json\/wp\/v2\/pages\/109\/revisions\/117070"}],"wp:attachment":[{"href":"https:\/\/www.instawood.com\/fr\/wp-json\/wp\/v2\/media?parent=109"}],"curies":[{"name":"wp","href":"https:\/\/api.w.org\/{rel}","templated":true}]}}