{"id":128,"date":"2018-10-16T21:35:53","date_gmt":"2018-10-16T19:35:53","guid":{"rendered":"https:\/\/www.instawood.com\/?page_id=128"},"modified":"2019-07-26T13:03:10","modified_gmt":"2019-07-26T11:03:10","slug":"aide","status":"publish","type":"page","link":"https:\/\/www.instawood.com\/fr\/aide\/","title":{"rendered":"Aide"},"content":{"rendered":"<p>[et_pb_section fb_built=\u00a0\u00bb1&Prime; _builder_version=\u00a0\u00bb3.22.4&Prime;][et_pb_row _builder_version=\u00a0\u00bb3.25&Prime;][et_pb_column type=\u00a0\u00bb4_4&Prime; _builder_version=\u00a0\u00bb3.25&Prime; custom_padding=\u00a0\u00bb|||\u00a0\u00bb custom_padding__hover=\u00a0\u00bb|||\u00a0\u00bb][et_pb_text _builder_version=\u00a0\u00bb3.22.4&Prime; text_font=\u00a0\u00bbDinPro||||||||\u00a0\u00bb text_text_color=\u00a0\u00bb#000000&Prime; text_font_size=\u00a0\u00bb15px\u00a0\u00bb header_font=\u00a0\u00bb||||||||\u00a0\u00bb header_text_color=\u00a0\u00bb#000000&Prime;]<\/p>\n<h1>Besoin d&rsquo;aide ?<\/h1>\n<p class=\"p1\"><span class=\"s1\">Consultez la liste des questions fr\u00e9quemment pos\u00e9es.<br \/> Si vous ne trouvez pas r\u00e9ponse \u00e0 votre question, n\u2019h\u00e9sitez pas \u00e0 nous contacter.<br \/><\/span><span class=\"s1\"><b><u>info@instawood.com<\/u><\/b><\/span><\/p>\n<p>[\/et_pb_text][\/et_pb_column][\/et_pb_row][et_pb_row custom_padding=\u00a0\u00bb13px|0px|25.5938px|0px|false|false\u00a0\u00bb _builder_version=\u00a0\u00bb3.25&Prime;][et_pb_column type=\u00a0\u00bb4_4&Prime; _builder_version=\u00a0\u00bb3.25&Prime; custom_padding=\u00a0\u00bb|||\u00a0\u00bb custom_padding__hover=\u00a0\u00bb|||\u00a0\u00bb][et_pb_toggle title=\u00a0\u00bbLe bois peut-il \u00eatre entretenu ?\u00a0\u00bb open_toggle_background_color=\u00a0\u00bb#ffffff\u00a0\u00bb closed_toggle_text_color=\u00a0\u00bb#000000&Prime; closed_toggle_background_color=\u00a0\u00bb#ffffff\u00a0\u00bb icon_color=\u00a0\u00bb#000000&Prime; _builder_version=\u00a0\u00bb3.22.4&Prime; title_text_color=\u00a0\u00bb#000000&Prime; title_font=\u00a0\u00bb||||||||\u00a0\u00bb body_font=\u00a0\u00bbDinPro||||||||\u00a0\u00bb body_text_color=\u00a0\u00bb#000000&Prime; background_color=\u00a0\u00bb#ffffff\u00a0\u00bb border_width_all=\u00a0\u00bb2px\u00a0\u00bb border_color_all=\u00a0\u00bb#000000&Prime;]<\/p>\n<p><span>Une fois le bois imprim\u00e9, l&rsquo;encre U.V fait office de couche de protection, vous pouvez sans probl\u00e8me passer un chiffon l\u00e9g\u00e8rement humide dessus pour \u00e9ventuellement enlever une tache accidentelle ou bien m\u00eame la poussi\u00e8re.<\/span><\/p>\n<p>[\/et_pb_toggle][et_pb_toggle title=\u00a0\u00bbLes couleurs vont elles s&rsquo;estomper avec le temps ?\u00a0\u00bb open_toggle_background_color=\u00a0\u00bb#ffffff\u00a0\u00bb closed_toggle_text_color=\u00a0\u00bb#000000&Prime; closed_toggle_background_color=\u00a0\u00bb#ffffff\u00a0\u00bb icon_color=\u00a0\u00bb#000000&Prime; _builder_version=\u00a0\u00bb3.26.3&Prime; title_text_color=\u00a0\u00bb#000000&Prime; title_font=\u00a0\u00bb||||||||\u00a0\u00bb body_font=\u00a0\u00bbDinPro||||||||\u00a0\u00bb body_text_color=\u00a0\u00bb#000000&Prime; background_color=\u00a0\u00bb#ffffff\u00a0\u00bb border_width_all=\u00a0\u00bb2px\u00a0\u00bb border_color_all=\u00a0\u00bb#000000&Prime;]<\/p>\n<p><span>L&rsquo;encre U.V a pour particularit\u00e9 d&rsquo;\u00eatre tr\u00e8s r\u00e9sistante, les couleurs restent intactes m\u00eame si les impressions illustr\u00e9es sont expos\u00e9es sur un mur qui est tr\u00e8s ensoleill\u00e9.<\/span><\/p>\n<p>[\/et_pb_toggle][et_pb_toggle title=\u00a0\u00bbMon illustration n&rsquo;est pas exactement comme sur le site.\u00a0\u00bb open_toggle_background_color=\u00a0\u00bb#ffffff\u00a0\u00bb closed_toggle_text_color=\u00a0\u00bb#000000&Prime; closed_toggle_background_color=\u00a0\u00bb#ffffff\u00a0\u00bb icon_color=\u00a0\u00bb#000000&Prime; _builder_version=\u00a0\u00bb3.26.3&Prime; title_text_color=\u00a0\u00bb#000000&Prime; title_font=\u00a0\u00bb||||||||\u00a0\u00bb body_font=\u00a0\u00bbDinPro||||||||\u00a0\u00bb body_text_color=\u00a0\u00bb#000000&Prime; background_color=\u00a0\u00bb#ffffff\u00a0\u00bb border_width_all=\u00a0\u00bb2px\u00a0\u00bb border_color_all=\u00a0\u00bb#000000&Prime;]<\/p>\n<p><span>Le bois est un materiau v\u00e9g\u00e9tal vivant , les asp\u00e9rit\u00e9es li\u00e9es \u00e0 sa nature telles que les veines et les noeuds sont parfaitement al\u00e9atoires, chacune des planches est unique. Ce sont ces caract\u00e9ristiques qui font du bois un support d&rsquo;impression original et authentique.<\/span><\/p>\n<p>[\/et_pb_toggle][et_pb_toggle title=\u00a0\u00bbComment fixer mes illustrations au mur ?\u00a0\u00bb open_toggle_background_color=\u00a0\u00bb#ffffff\u00a0\u00bb closed_toggle_text_color=\u00a0\u00bb#000000&Prime; closed_toggle_background_color=\u00a0\u00bb#ffffff\u00a0\u00bb icon_color=\u00a0\u00bb#000000&Prime; _builder_version=\u00a0\u00bb3.26.3&Prime; title_text_color=\u00a0\u00bb#000000&Prime; title_font=\u00a0\u00bb||||||||\u00a0\u00bb body_font=\u00a0\u00bbDinPro||||||||\u00a0\u00bb body_text_color=\u00a0\u00bb#000000&Prime; background_color=\u00a0\u00bb#ffffff\u00a0\u00bb border_width_all=\u00a0\u00bb2px\u00a0\u00bb border_color_all=\u00a0\u00bb#000000&Prime;]<\/p>\n<p><span>Nous vous proposons un syst\u00e8me d&rsquo;accroche magn\u00e9tique qui vous permet de fixer vos impressions au mur sans avoir \u00e0 percer ! C&rsquo;est un aimant en deux parties, compos\u00e9 d&rsquo;une plaque m\u00e9tallique et d&rsquo;une partie magn\u00e9tique toutes deux adh\u00e9sives, et qui se fixent respectivement sur le mur et votre impression en bois ou aluminium.<\/span><\/p>\n<p>[\/et_pb_toggle][et_pb_toggle title=\u00a0\u00bbPuis-je modifier ou changer la couleur ou le fond d&rsquo;une illustration ?\u00a0\u00bb open_toggle_background_color=\u00a0\u00bb#ffffff\u00a0\u00bb closed_toggle_text_color=\u00a0\u00bb#000000&Prime; closed_toggle_background_color=\u00a0\u00bb#ffffff\u00a0\u00bb icon_color=\u00a0\u00bb#000000&Prime; _builder_version=\u00a0\u00bb3.22.4&Prime; title_text_color=\u00a0\u00bb#000000&Prime; title_font=\u00a0\u00bb||||||||\u00a0\u00bb body_font=\u00a0\u00bbDinPro||||||||\u00a0\u00bb body_text_color=\u00a0\u00bb#000000&Prime; background_color=\u00a0\u00bb#ffffff\u00a0\u00bb border_width_all=\u00a0\u00bb2px\u00a0\u00bb border_color_all=\u00a0\u00bb#000000&Prime;]<\/p>\n<p><span>Toutes les illustrations appartiennent \u00e0 nos artistes et ne peuvent pas \u00eatre modifi\u00e9es pour leur propri\u00e9t\u00e9 intellectuelle.<\/span><\/p>\n<p>[\/et_pb_toggle][et_pb_toggle title=\u00a0\u00bbPuis-je modifier une photo personnelle avant qu&rsquo;elle ne soit imprim\u00e9e ?\u00a0\u00bb open_toggle_background_color=\u00a0\u00bb#ffffff\u00a0\u00bb closed_toggle_text_color=\u00a0\u00bb#000000&Prime; closed_toggle_background_color=\u00a0\u00bb#ffffff\u00a0\u00bb icon_color=\u00a0\u00bb#000000&Prime; _builder_version=\u00a0\u00bb3.22.4&Prime; title_text_color=\u00a0\u00bb#000000&Prime; title_font=\u00a0\u00bb||||||||\u00a0\u00bb body_font=\u00a0\u00bbDinPro||||||||\u00a0\u00bb body_text_color=\u00a0\u00bb#000000&Prime; background_color=\u00a0\u00bb#ffffff\u00a0\u00bb border_width_all=\u00a0\u00bb2px\u00a0\u00bb border_color_all=\u00a0\u00bb#000000&Prime;]<\/p>\n<p><span>Vous pouvez sublimer vos photos en y ajoutant un filtre, ou m\u00eame du texte gr\u00e2ce \u00e0 l&rsquo;outil de retouche d&rsquo;image ! Une fois toutes vos photos import\u00e9es, passez le curseur sur l&rsquo;image de votre choix photo et cliquez sur l&rsquo;icone en forme de crayon pour acc\u00e9der \u00e0 l&rsquo;interface. Vous pouvez maintenant recadrer votre photo et la modifier au gr\u00e9 de vos envies ! <\/span><\/p>\n<p>[\/et_pb_toggle][\/et_pb_column][\/et_pb_row][\/et_pb_section]<\/p>\n","protected":false},"excerpt":{"rendered":"<p>Besoin d&rsquo;aide ? Consultez la liste des questions fr\u00e9quemment pos\u00e9es. Si vous ne trouvez pas r\u00e9ponse \u00e0 votre question, n\u2019h\u00e9sitez pas \u00e0 nous contacter.info@instawood.comUne fois le bois imprim\u00e9, l&rsquo;encre U.V fait office de couche de protection, vous pouvez sans probl\u00e8me passer un chiffon l\u00e9g\u00e8rement humide dessus pour \u00e9ventuellement enlever une tache accidentelle ou bien m\u00eame [&hellip;]<\/p>\n","protected":false},"author":1,"featured_media":0,"parent":0,"menu_order":0,"comment_status":"closed","ping_status":"closed","template":"","meta":{"_et_pb_use_builder":"on","_et_pb_old_content":"","_et_gb_content_width":"","inline_featured_image":false,"footnotes":""},"class_list":["post-128","page","type-page","status-publish","hentry"],"acf":[],"translations":{"fr":128,"en":21703},"_links":{"self":[{"href":"https:\/\/www.instawood.com\/fr\/wp-json\/wp\/v2\/pages\/128","targetHints":{"allow":["GET"]}}],"collection":[{"href":"https:\/\/www.instawood.com\/fr\/wp-json\/wp\/v2\/pages"}],"about":[{"href":"https:\/\/www.instawood.com\/fr\/wp-json\/wp\/v2\/types\/page"}],"author":[{"embeddable":true,"href":"https:\/\/www.instawood.com\/fr\/wp-json\/wp\/v2\/users\/1"}],"replies":[{"embeddable":true,"href":"https:\/\/www.instawood.com\/fr\/wp-json\/wp\/v2\/comments?post=128"}],"version-history":[{"count":1,"href":"https:\/\/www.instawood.com\/fr\/wp-json\/wp\/v2\/pages\/128\/revisions"}],"predecessor-version":[{"id":35355,"href":"https:\/\/www.instawood.com\/fr\/wp-json\/wp\/v2\/pages\/128\/revisions\/35355"}],"wp:attachment":[{"href":"https:\/\/www.instawood.com\/fr\/wp-json\/wp\/v2\/media?parent=128"}],"curies":[{"name":"wp","href":"https:\/\/api.w.org\/{rel}","templated":true}]}}