{"id":35955,"date":"2020-05-21T14:28:56","date_gmt":"2020-05-21T12:28:56","guid":{"rendered":"https:\/\/www.instawood.com\/?page_id=35955"},"modified":"2021-11-25T13:19:22","modified_gmt":"2021-11-25T12:19:22","slug":"tirage-photo","status":"publish","type":"page","link":"https:\/\/www.instawood.com\/fr\/tirage-photo\/","title":{"rendered":"Tirage Photo"},"content":{"rendered":"[et_pb_section fb_built=\u00a0\u00bb1&Prime; _builder_version=\u00a0\u00bb4.10.4&Prime; custom_margin=\u00a0\u00bb14px||||false|false\u00a0\u00bb custom_padding=\u00a0\u00bb11px||6px||false|false\u00a0\u00bb global_colors_info=\u00a0\u00bb{}\u00a0\u00bb][et_pb_row _builder_version=\u00a0\u00bb3.25&Prime; custom_margin=\u00a0\u00bb|auto|1px|auto||\u00a0\u00bb custom_padding=\u00a0\u00bb17.6px|0px|12px|0px|false|false\u00a0\u00bb global_colors_info=\u00a0\u00bb{}\u00a0\u00bb][et_pb_column type=\u00a0\u00bb4_4&Prime; _builder_version=\u00a0\u00bb3.25&Prime; custom_padding=\u00a0\u00bb|||\u00a0\u00bb global_colors_info=\u00a0\u00bb{}\u00a0\u00bb custom_padding__hover=\u00a0\u00bb|||\u00a0\u00bb][et_pb_text _builder_version=\u00a0\u00bb4.10.4&Prime; text_font=\u00a0\u00bbDinPro||||||||\u00a0\u00bb text_text_color=\u00a0\u00bb#000000&Prime; text_font_size=\u00a0\u00bb15px\u00a0\u00bb header_font=\u00a0\u00bbDinPro-Bold|600||on|||||\u00a0\u00bb header_font_size=\u00a0\u00bb32px\u00a0\u00bb text_orientation=\u00a0\u00bbcenter\u00a0\u00bb custom_margin=\u00a0\u00bb||14px||false|false\u00a0\u00bb custom_padding=\u00a0\u00bb28px||0px|||\u00a0\u00bb hover_enabled=\u00a0\u00bb0&Prime; text_text_align=\u00a0\u00bbcenter\u00a0\u00bb global_colors_info=\u00a0\u00bb{}\u00a0\u00bb sticky_enabled=\u00a0\u00bb0&Prime; inline_fonts=\u00a0\u00bbDinPro-Medium\u00a0\u00bb header_line_height=\u00a0\u00bb2em\u00a0\u00bb]<h1>Tirage photo<\/h1>\n<p>&nbsp;<\/p>\n<p style=\"text-align: left;\"><span style=\"font-family: inherit; font-weight: normal;\">Imprimez <b>vos photos<\/b> ou <b>vos illustrations<\/b> sur un tirage unique en <b>bois certifi\u00e9 FSC<\/b> !<\/span><\/p>\n<p style=\"text-align: left;\"><span style=\"font-weight: 400;\">Personnalisez votre impression sur bois et offrez \u00e0 vos souvenirs et \u00e0 votre int\u00e9rieur une dimension authentique et originale.<\/span><\/p>[\/et_pb_text][\/et_pb_column][\/et_pb_row][et_pb_row column_structure=\u00a0\u00bb1_6,1_6,1_6,1_6,1_6,1_6&Prime; use_custom_gutter=\u00a0\u00bbon\u00a0\u00bb gutter_width=\u00a0\u00bb2&Prime; make_equal=\u00a0\u00bbon\u00a0\u00bb module_class=\u00a0\u00bbinstawood-custom-colums\u00a0\u00bb _builder_version=\u00a0\u00bb4.7.6&Prime; _module_preset=\u00a0\u00bbdefault\u00a0\u00bb max_width=\u00a0\u00bb1432px\u00a0\u00bb module_alignment=\u00a0\u00bbcenter\u00a0\u00bb custom_margin=\u00a0\u00bb-5px||||false|false\u00a0\u00bb border_color_all=\u00a0\u00bb#ffffff\u00a0\u00bb global_colors_info=\u00a0\u00bb{}\u00a0\u00bb][et_pb_column type=\u00a0\u00bb1_6&Prime; _builder_version=\u00a0\u00bb4.7.6&Prime; _module_preset=\u00a0\u00bb7a20d81b-13a2-4cd3-b39f-0f1a74065b4d\u00a0\u00bb custom_padding=\u00a0\u00bb||10px||false|false\u00a0\u00bb border_width_all=\u00a0\u00bb5px\u00a0\u00bb border_color_all=\u00a0\u00bb#ffffff\u00a0\u00bb border_color_all_last_edited=\u00a0\u00bboff|desktop\u00a0\u00bb global_colors_info=\u00a0\u00bb{}\u00a0\u00bb border_width_all__hover_enabled=\u00a0\u00bboff|desktop\u00a0\u00bb border_width_all__hover=\u00a0\u00bb5px\u00a0\u00bb border_color_all__hover_enabled=\u00a0\u00bbon|hover\u00a0\u00bb border_color_all__hover=\u00a0\u00bb#000000&Prime;][et_pb_image src=\u00a0\u00bbhttps:\/\/www.instawood.com\/wp-content\/uploads\/2020\/12\/Tirage-photo-10&#215;10-2.jpg\u00a0\u00bb alt=\u00a0\u00bbTirage-photo-10&#215;10&Prime; title_text=\u00a0\u00bbTirage-photo-10&#215;10-2&Prime; url=\u00a0\u00bb\/fr\/instawood-10-x-10-fr\/\u00a0\u00bb align=\u00a0\u00bbcenter\u00a0\u00bb _builder_version=\u00a0\u00bb4.7.6&Prime; _module_preset=\u00a0\u00bbdefault\u00a0\u00bb global_colors_info=\u00a0\u00bb{}\u00a0\u00bb][\/et_pb_image][et_pb_text _builder_version=\u00a0\u00bb4.6.6&Prime; text_font=\u00a0\u00bbDinPro||||||||\u00a0\u00bb text_text_color=\u00a0\u00bb#000000&Prime; text_font_size=\u00a0\u00bb16px\u00a0\u00bb text_line_height=\u00a0\u00bb1em\u00a0\u00bb text_orientation=\u00a0\u00bbcenter\u00a0\u00bb custom_margin=\u00a0\u00bb|10px||10px|false|true\u00a0\u00bb custom_padding=\u00a0\u00bb20px||||false|false\u00a0\u00bb border_width_top=\u00a0\u00bb1px\u00a0\u00bb border_color_top=\u00a0\u00bb#e8e8e8&Prime; global_colors_info=\u00a0\u00bb{}\u00a0\u00bb]<p style=\"text-align: center;\"><a href=\"\/fr\/instawood-10-x-10-fr\/\" title=\"Instawood 10 x 10 cm\"><strong>10 x 10 cm<\/strong><\/a><\/p>\n<p style=\"text-align: center;\"><a href=\"\/fr\/instawood-10-x-10-fr\/\" title=\"Instawood 10 x 10 cm\">d\u00e8s 1,80\u20ac<\/a><\/p>[\/et_pb_text][\/et_pb_column][et_pb_column type=\u00a0\u00bb1_6&Prime; _builder_version=\u00a0\u00bb4.7.6&Prime; _module_preset=\u00a0\u00bb7a20d81b-13a2-4cd3-b39f-0f1a74065b4d\u00a0\u00bb custom_padding=\u00a0\u00bb||10px||false|false\u00a0\u00bb border_width_all=\u00a0\u00bb5px\u00a0\u00bb border_color_all=\u00a0\u00bb#ffffff\u00a0\u00bb global_colors_info=\u00a0\u00bb{}\u00a0\u00bb border_width_all__hover_enabled=\u00a0\u00bboff|desktop\u00a0\u00bb border_width_all__hover=\u00a0\u00bb5px\u00a0\u00bb border_color_all__hover_enabled=\u00a0\u00bbon|desktop\u00a0\u00bb border_color_all__hover=\u00a0\u00bb#000000&Prime;][et_pb_image src=\u00a0\u00bbhttps:\/\/www.instawood.com\/wp-content\/uploads\/2020\/12\/Tirage-photo-20&#215;20-2.jpg\u00a0\u00bb alt=\u00a0\u00bbTirage-photo-10&#215;10&Prime; title_text=\u00a0\u00bbTirage-photo-20&#215;20-2&Prime; url=\u00a0\u00bb\/fr\/instawood-20-x-20-fr\/\u00a0\u00bb align=\u00a0\u00bbcenter\u00a0\u00bb _builder_version=\u00a0\u00bb4.7.6&Prime; _module_preset=\u00a0\u00bbdefault\u00a0\u00bb global_colors_info=\u00a0\u00bb{}\u00a0\u00bb][\/et_pb_image][et_pb_text _builder_version=\u00a0\u00bb4.6.6&Prime; text_font=\u00a0\u00bbDinPro||||||||\u00a0\u00bb text_text_color=\u00a0\u00bb#000000&Prime; text_font_size=\u00a0\u00bb16px\u00a0\u00bb text_line_height=\u00a0\u00bb1em\u00a0\u00bb text_orientation=\u00a0\u00bbcenter\u00a0\u00bb custom_margin=\u00a0\u00bb|10px||10px|false|true\u00a0\u00bb custom_padding=\u00a0\u00bb20px||||false|false\u00a0\u00bb border_width_top=\u00a0\u00bb1px\u00a0\u00bb border_color_top=\u00a0\u00bb#e8e8e8&Prime; locked=\u00a0\u00bboff\u00a0\u00bb global_colors_info=\u00a0\u00bb{}\u00a0\u00bb]<p style=\"text-align: center;\"><a href=\"\/fr\/instawood-20-x-20-fr\/\" title=\"Instawood 20 x 20 cm\"><strong>20 x 20 cm<\/strong><\/a><\/p>\n<p style=\"text-align: center;\"><a href=\"\/fr\/instawood-20-x-20-fr\/\" title=\"Instawood 20 x 20 cm\">d\u00e8s 5,40\u20ac<\/a><\/p>[\/et_pb_text][\/et_pb_column][et_pb_column type=\u00a0\u00bb1_6&Prime; _builder_version=\u00a0\u00bb4.7.6&Prime; _module_preset=\u00a0\u00bb7a20d81b-13a2-4cd3-b39f-0f1a74065b4d\u00a0\u00bb custom_padding=\u00a0\u00bb||10px||false|false\u00a0\u00bb border_width_all=\u00a0\u00bb5px\u00a0\u00bb border_color_all=\u00a0\u00bb#ffffff\u00a0\u00bb global_colors_info=\u00a0\u00bb{}\u00a0\u00bb border_color_all__hover_enabled=\u00a0\u00bbon|hover\u00a0\u00bb border_color_all__hover=\u00a0\u00bb#000000&Prime;][et_pb_image src=\u00a0\u00bbhttps:\/\/www.instawood.com\/wp-content\/uploads\/2020\/12\/Tirage-photo-30&#215;30-2.jpg\u00a0\u00bb alt=\u00a0\u00bbTirage-photo-10&#215;10&Prime; title_text=\u00a0\u00bbTirage-photo-30&#215;30-2&Prime; url=\u00a0\u00bb\/fr\/instawood-30-x-30-fr\/\u00a0\u00bb align=\u00a0\u00bbcenter\u00a0\u00bb _builder_version=\u00a0\u00bb4.7.6&Prime; _module_preset=\u00a0\u00bbdefault\u00a0\u00bb global_colors_info=\u00a0\u00bb{}\u00a0\u00bb][\/et_pb_image][et_pb_text _builder_version=\u00a0\u00bb4.7.4&Prime; text_font=\u00a0\u00bbDinPro||||||||\u00a0\u00bb text_text_color=\u00a0\u00bb#000000&Prime; text_font_size=\u00a0\u00bb16px\u00a0\u00bb text_line_height=\u00a0\u00bb1em\u00a0\u00bb text_orientation=\u00a0\u00bbcenter\u00a0\u00bb custom_margin=\u00a0\u00bb|10px||10px|false|true\u00a0\u00bb custom_padding=\u00a0\u00bb20px||||false|false\u00a0\u00bb border_width_top=\u00a0\u00bb1px\u00a0\u00bb border_color_top=\u00a0\u00bb#e8e8e8&Prime; locked=\u00a0\u00bboff\u00a0\u00bb global_colors_info=\u00a0\u00bb{}\u00a0\u00bb]<p style=\"text-align: center;\"><a href=\"\/fr\/instawood-30-x-30-fr\/\" title=\"Instawood 30 x 30 cm\"><strong>30 x 30 cm<\/strong><\/a><\/p>\n<p style=\"text-align: center;\"><a href=\"\/fr\/instawood-30-x-30-fr\/\" title=\"Instawood 30 x 30 cm\">d\u00e8s 13,20\u20ac<\/a><\/p>[\/et_pb_text][\/et_pb_column][et_pb_column type=\u00a0\u00bb1_6&Prime; _builder_version=\u00a0\u00bb4.7.6&Prime; _module_preset=\u00a0\u00bb7a20d81b-13a2-4cd3-b39f-0f1a74065b4d\u00a0\u00bb custom_padding=\u00a0\u00bb||10px||false|false\u00a0\u00bb border_width_all=\u00a0\u00bb5px\u00a0\u00bb border_color_all=\u00a0\u00bb#ffffff\u00a0\u00bb global_colors_info=\u00a0\u00bb{}\u00a0\u00bb border_width_all__hover_enabled=\u00a0\u00bboff|desktop\u00a0\u00bb border_color_all__hover_enabled=\u00a0\u00bbon|desktop\u00a0\u00bb border_color_all__hover=\u00a0\u00bb#000000&Prime;][et_pb_image src=\u00a0\u00bbhttps:\/\/www.instawood.com\/wp-content\/uploads\/2020\/12\/Tirage-photo-15&#215;10-2.jpg\u00a0\u00bb alt=\u00a0\u00bbTirage-photo-10&#215;10&Prime; title_text=\u00a0\u00bbTirage-photo-15&#215;10-2&Prime; url=\u00a0\u00bb\/fr\/instawood-15-x-10-fr\/\u00a0\u00bb align=\u00a0\u00bbcenter\u00a0\u00bb _builder_version=\u00a0\u00bb4.7.6&Prime; _module_preset=\u00a0\u00bbdefault\u00a0\u00bb global_colors_info=\u00a0\u00bb{}\u00a0\u00bb][\/et_pb_image][et_pb_text _builder_version=\u00a0\u00bb4.6.6&Prime; text_font=\u00a0\u00bbDinPro||||||||\u00a0\u00bb text_text_color=\u00a0\u00bb#000000&Prime; text_font_size=\u00a0\u00bb16px\u00a0\u00bb text_line_height=\u00a0\u00bb1em\u00a0\u00bb text_orientation=\u00a0\u00bbcenter\u00a0\u00bb custom_margin=\u00a0\u00bb|10px||10px|false|true\u00a0\u00bb custom_padding=\u00a0\u00bb20px||||false|false\u00a0\u00bb border_width_top=\u00a0\u00bb1px\u00a0\u00bb border_color_top=\u00a0\u00bb#e8e8e8&Prime; global_colors_info=\u00a0\u00bb{}\u00a0\u00bb]<p><a href=\"\/fr\/instawood-15-x-10-fr\/\" title=\"Instawood 10 x 10 cm\"><strong>15 x 10 cm<\/strong><\/a><\/p>\n<p><a href=\"\/fr\/instawood-15-x-10-fr\/\" title=\"Instawood 10 x 10 cm\">d\u00e8s 3,50\u20ac<\/a><\/p>[\/et_pb_text][\/et_pb_column][et_pb_column type=\u00a0\u00bb1_6&Prime; _builder_version=\u00a0\u00bb4.7.6&Prime; _module_preset=\u00a0\u00bb7a20d81b-13a2-4cd3-b39f-0f1a74065b4d\u00a0\u00bb custom_padding=\u00a0\u00bb||10px||false|false\u00a0\u00bb border_width_all=\u00a0\u00bb5px\u00a0\u00bb border_color_all=\u00a0\u00bb#ffffff\u00a0\u00bb border_color_all_last_edited=\u00a0\u00bboff|desktop\u00a0\u00bb global_colors_info=\u00a0\u00bb{}\u00a0\u00bb border_color_all__hover_enabled=\u00a0\u00bbon|hover\u00a0\u00bb border_color_all__hover=\u00a0\u00bb#000000&Prime;][et_pb_image src=\u00a0\u00bbhttps:\/\/www.instawood.com\/wp-content\/uploads\/2020\/12\/Tirage-photo-30&#215;20-2.jpg\u00a0\u00bb alt=\u00a0\u00bbTirage-photo-10&#215;10&Prime; title_text=\u00a0\u00bbTirage-photo-30&#215;20-2&Prime; url=\u00a0\u00bb\/fr\/instawood-20-x-30-fr\/\u00a0\u00bb align=\u00a0\u00bbcenter\u00a0\u00bb _builder_version=\u00a0\u00bb4.7.6&Prime; _module_preset=\u00a0\u00bbdefault\u00a0\u00bb global_colors_info=\u00a0\u00bb{}\u00a0\u00bb][\/et_pb_image][et_pb_text _builder_version=\u00a0\u00bb4.7.4&Prime; text_font=\u00a0\u00bbDinPro||||||||\u00a0\u00bb text_text_color=\u00a0\u00bb#000000&Prime; text_font_size=\u00a0\u00bb16px\u00a0\u00bb text_line_height=\u00a0\u00bb1em\u00a0\u00bb text_orientation=\u00a0\u00bbcenter\u00a0\u00bb custom_margin=\u00a0\u00bb|10px||10px|false|true\u00a0\u00bb custom_padding=\u00a0\u00bb20px||||false|false\u00a0\u00bb border_width_top=\u00a0\u00bb1px\u00a0\u00bb border_color_top=\u00a0\u00bb#e8e8e8&Prime; locked=\u00a0\u00bboff\u00a0\u00bb global_colors_info=\u00a0\u00bb{}\u00a0\u00bb]<p style=\"text-align: center;\"><a href=\"\/fr\/instawood-20-x-30-fr\/\" title=\"Instawood 30 x 20 cm\"><strong>30 x 20 cm<\/strong><\/a><\/p>\n<p style=\"text-align: center;\"><a href=\"\/fr\/instawood-20-x-30-fr\/\" title=\"Instawood 30 x 20 cm\">d\u00e8s 9,00\u20ac<\/a><\/p>[\/et_pb_text][\/et_pb_column][et_pb_column type=\u00a0\u00bb1_6&Prime; _builder_version=\u00a0\u00bb4.7.6&Prime; _module_preset=\u00a0\u00bb7a20d81b-13a2-4cd3-b39f-0f1a74065b4d\u00a0\u00bb custom_padding=\u00a0\u00bb||10px||false|false\u00a0\u00bb border_width_all=\u00a0\u00bb5px\u00a0\u00bb border_color_all=\u00a0\u00bb#ffffff\u00a0\u00bb border_color_all_last_edited=\u00a0\u00bboff|desktop\u00a0\u00bb global_colors_info=\u00a0\u00bb{}\u00a0\u00bb border_color_all__hover_enabled=\u00a0\u00bbon|hover\u00a0\u00bb border_color_all__hover=\u00a0\u00bb#000000&Prime;][et_pb_image src=\u00a0\u00bbhttps:\/\/www.instawood.com\/wp-content\/uploads\/2020\/12\/Tirage-photo-30&#215;40-2.jpg\u00a0\u00bb alt=\u00a0\u00bbTirage-photo-10&#215;10&Prime; title_text=\u00a0\u00bbTirage-photo-30&#215;40-2&Prime; url=\u00a0\u00bb\/fr\/instawood-30-x-40-fr\/\u00a0\u00bb align=\u00a0\u00bbcenter\u00a0\u00bb _builder_version=\u00a0\u00bb4.7.6&Prime; _module_preset=\u00a0\u00bbdefault\u00a0\u00bb global_colors_info=\u00a0\u00bb{}\u00a0\u00bb][\/et_pb_image][et_pb_text _builder_version=\u00a0\u00bb4.7.4&Prime; text_font=\u00a0\u00bbDinPro||||||||\u00a0\u00bb text_text_color=\u00a0\u00bb#000000&Prime; text_font_size=\u00a0\u00bb16px\u00a0\u00bb text_line_height=\u00a0\u00bb1em\u00a0\u00bb text_orientation=\u00a0\u00bbcenter\u00a0\u00bb custom_margin=\u00a0\u00bb|10px||10px|false|true\u00a0\u00bb custom_padding=\u00a0\u00bb20px||||false|false\u00a0\u00bb border_width_top=\u00a0\u00bb1px\u00a0\u00bb border_color_top=\u00a0\u00bb#e8e8e8&Prime; locked=\u00a0\u00bboff\u00a0\u00bb global_colors_info=\u00a0\u00bb{}\u00a0\u00bb]<p style=\"text-align: center;\"><a href=\"\/fr\/instawood-30-x-40-fr\/\" title=\"Instawood 20 x 20 cm\"><strong>30 x 40 cm<\/strong><\/a><\/p>\n<p style=\"text-align: center;\"><a href=\"\/fr\/instawood-30-x-40-fr\/\" title=\"Instawood 20 x 20 cm\">d\u00e8s 15\u20ac<\/a><\/p>[\/et_pb_text][\/et_pb_column][\/et_pb_row][\/et_pb_section][et_pb_section fb_built=\u00a0\u00bb1&Prime; _builder_version=\u00a0\u00bb4.6.6&Prime; _module_preset=\u00a0\u00bbdefault\u00a0\u00bb custom_padding=\u00a0\u00bb1px||50px|||\u00a0\u00bb global_colors_info=\u00a0\u00bb{}\u00a0\u00bb][et_pb_row _builder_version=\u00a0\u00bb4.6.6&Prime; _module_preset=\u00a0\u00bbdefault\u00a0\u00bb width=\u00a0\u00bb90%\u00a0\u00bb hover_enabled=\u00a0\u00bb0&Prime; global_colors_info=\u00a0\u00bb{}\u00a0\u00bb sticky_enabled=\u00a0\u00bb0&Prime;][et_pb_column type=\u00a0\u00bb4_4&Prime; _builder_version=\u00a0\u00bb4.6.6&Prime; _module_preset=\u00a0\u00bbdefault\u00a0\u00bb global_colors_info=\u00a0\u00bb{}\u00a0\u00bb][et_pb_text _builder_version=\u00a0\u00bb4.10.4&Prime; _module_preset=\u00a0\u00bbdefault\u00a0\u00bb header_2_text_align=\u00a0\u00bbcenter\u00a0\u00bb header_2_font_size=\u00a0\u00bb19px\u00a0\u00bb hover_enabled=\u00a0\u00bb0&Prime; global_colors_info=\u00a0\u00bb{}\u00a0\u00bb sticky_enabled=\u00a0\u00bb0&Prime; custom_padding=\u00a0\u00bb2px|||||\u00a0\u00bb inline_fonts=\u00a0\u00bbDinPro-Black\u00a0\u00bb text_font=\u00a0\u00bbDinPro||||||||\u00a0\u00bb text_font_size=\u00a0\u00bb15px\u00a0\u00bb]<p style=\"text-align: center;\"><span style=\"color: #000000; font-family: inherit; font-weight: normal;\"><strong>Comment imprimer sa photo ou son illustration sur du bois de bouleau ?<\/strong><\/span><\/p>\n<ul style=\"text-align: left;\">\n<li style=\"font-weight: 400;\" aria-level=\"1\"><span style=\"font-weight: normal; color: #000000; font-family: inherit;\">Choisissez le format qui vous convient\u00a0<\/span><\/li>\n<li style=\"font-weight: 400;\" aria-level=\"1\"><span style=\"font-weight: normal; color: #000000; font-family: inherit;\">T\u00e9l\u00e9chargez votre image de votre ordinateur, smartphone ou directement de votre compte Instagram<\/span><\/li>\n<li style=\"font-weight: 400;\" aria-level=\"1\"><span style=\"font-weight: normal; color: #000000; font-family: inherit;\">Modifiez le cadrage de votre image pour qu\u2019elle corresponde parfaitement \u00e0 vos attentes et au format choisi en cliquant sur le crayon en bas \u00e0 droite de l\u2019image.\u00a0<\/span><\/li>\n<li style=\"font-weight: 400;\" aria-level=\"1\"><span style=\"font-weight: normal; color: #000000; font-family: inherit;\">R\u00e9p\u00e9tez l\u2019op\u00e9ration autant de fois que vous le souhaitez ! <\/span><\/li>\n<li style=\"font-weight: 400;\" aria-level=\"1\"><span style=\"font-weight: normal; color: #000000; font-family: inherit;\">Pour dupliquer une image appuyez sur le <strong>+<\/strong>.<\/span><\/li>\n<\/ul>\n<h2 style=\"text-align: left;\"><\/h2>\n<p style=\"text-align: left;\"><span style=\"font-weight: normal; color: #000000; font-family: inherit;\"><strong>\u00c0 noter<\/strong> : plus vous commandez de produits, moins ils vous reviennent cher \u00e0 l\u2019unit\u00e9 !<\/span><\/p>\n<h2><\/h2>[\/et_pb_text][et_pb_text _builder_version=\u00a0\u00bb4.9.2&Prime; _module_preset=\u00a0\u00bbdefault\u00a0\u00bb header_2_text_align=\u00a0\u00bbcenter\u00a0\u00bb header_2_font_size=\u00a0\u00bb19px\u00a0\u00bb global_colors_info=\u00a0\u00bb{}\u00a0\u00bb]<h2>Consultez le d\u00e9tail de prix<\/h2>[\/et_pb_text][et_pb_image src=\u00a0\u00bbhttps:\/\/www.instawood.com\/wp-content\/uploads\/2021\/07\/LISTE-DE-PRIX-TIRAGE-PHOTO.jpeg\u00a0\u00bb title_text=\u00a0\u00bbLISTE-DE-PRIX-TIRAGE-PHOTO-VERSION-MOBILE\u00a0\u00bb align=\u00a0\u00bbcenter\u00a0\u00bb src_tablet=\u00a0\u00bbhttps:\/\/www.instawood.com\/wp-content\/uploads\/2021\/07\/LISTE-DE-PRIX-TIRAGE-PHOTO-VERSION-MOBILE.jpeg\u00a0\u00bb src_phone=\u00a0\u00bb\u00a0\u00bb src_last_edited=\u00a0\u00bbon|phone\u00a0\u00bb disabled_on=\u00a0\u00bboff|off|off\u00a0\u00bb _builder_version=\u00a0\u00bb4.9.2&Prime; _module_preset=\u00a0\u00bbdefault\u00a0\u00bb global_colors_info=\u00a0\u00bb{}\u00a0\u00bb][\/et_pb_image][\/et_pb_column][\/et_pb_row][\/et_pb_section]","protected":false},"excerpt":{"rendered":"<p>Tirage photo &nbsp; Imprimez vos photos ou vos illustrations sur un tirage unique en bois certifi\u00e9 FSC ! Personnalisez votre impression sur bois et offrez \u00e0 vos souvenirs et \u00e0 votre int\u00e9rieur une dimension authentique et originale.10 x 10 cm d\u00e8s 1,80\u20ac20 x 20 cm d\u00e8s 5,40\u20ac30 x 30 cm d\u00e8s 13,20\u20ac15 x 10 cm [&hellip;]<\/p>\n","protected":false},"author":244,"featured_media":0,"parent":0,"menu_order":0,"comment_status":"closed","ping_status":"closed","template":"","meta":{"_et_pb_use_builder":"on","_et_pb_old_content":"","_et_gb_content_width":"","inline_featured_image":false,"footnotes":""},"class_list":["post-35955","page","type-page","status-publish","hentry"],"acf":[],"translations":{"fr":35955,"en":80082},"_links":{"self":[{"href":"https:\/\/www.instawood.com\/fr\/wp-json\/wp\/v2\/pages\/35955","targetHints":{"allow":["GET"]}}],"collection":[{"href":"https:\/\/www.instawood.com\/fr\/wp-json\/wp\/v2\/pages"}],"about":[{"href":"https:\/\/www.instawood.com\/fr\/wp-json\/wp\/v2\/types\/page"}],"author":[{"embeddable":true,"href":"https:\/\/www.instawood.com\/fr\/wp-json\/wp\/v2\/users\/244"}],"replies":[{"embeddable":true,"href":"https:\/\/www.instawood.com\/fr\/wp-json\/wp\/v2\/comments?post=35955"}],"version-history":[{"count":13,"href":"https:\/\/www.instawood.com\/fr\/wp-json\/wp\/v2\/pages\/35955\/revisions"}],"predecessor-version":[{"id":94667,"href":"https:\/\/www.instawood.com\/fr\/wp-json\/wp\/v2\/pages\/35955\/revisions\/94667"}],"wp:attachment":[{"href":"https:\/\/www.instawood.com\/fr\/wp-json\/wp\/v2\/media?parent=35955"}],"curies":[{"name":"wp","href":"https:\/\/api.w.org\/{rel}","templated":true}]}}