{"id":860,"date":"2019-02-19T20:02:06","date_gmt":"2019-02-19T19:02:06","guid":{"rendered":"https:\/\/www.instawood.com\/?page_id=860"},"modified":"2021-11-25T14:15:37","modified_gmt":"2021-11-25T13:15:37","slug":"devenir-artiste","status":"publish","type":"page","link":"https:\/\/www.instawood.com\/fr\/devenir-artiste\/","title":{"rendered":"Devenir Artiste"},"content":{"rendered":"[et_pb_section fb_built=\u00a0\u00bb1&Prime; _builder_version=\u00a0\u00bb4.10.4&Prime; custom_padding=\u00a0\u00bb43px|0px|51.1875px|0px|false|false\u00a0\u00bb global_colors_info=\u00a0\u00bb{}\u00a0\u00bb][et_pb_row column_structure=\u00a0\u00bb1_2,1_2&Prime; _builder_version=\u00a0\u00bb3.25&Prime; custom_margin=\u00a0\u00bb84px|auto||auto||\u00a0\u00bb global_colors_info=\u00a0\u00bb{}\u00a0\u00bb][et_pb_column type=\u00a0\u00bb1_2&Prime; _builder_version=\u00a0\u00bb3.25&Prime; custom_padding=\u00a0\u00bb|||\u00a0\u00bb global_colors_info=\u00a0\u00bb{}\u00a0\u00bb custom_padding__hover=\u00a0\u00bb|||\u00a0\u00bb][et_pb_text _builder_version=\u00a0\u00bb4.10.4&Prime; text_font=\u00a0\u00bbDinPro||||||||\u00a0\u00bb text_text_color=\u00a0\u00bb#000000&Prime; text_font_size=\u00a0\u00bb15px\u00a0\u00bb header_font=\u00a0\u00bbDinPro-Black||||||||\u00a0\u00bb header_text_color=\u00a0\u00bb#000000&Prime; header_font_size=\u00a0\u00bb26px\u00a0\u00bb custom_margin=\u00a0\u00bb2px|||\u00a0\u00bb inline_fonts=\u00a0\u00bbDinPro-Bold,DinPro\u00a0\u00bb global_colors_info=\u00a0\u00bb{}\u00a0\u00bb]<h1 class=\"p1\"><b style=\"font-size: 26px; font-family: DinPro-Black, Helvetica, Arial, Lucida, sans-serif;\"><span style=\"font-weight: 400;\"><\/span><\/b><\/h1>\n<h1 class=\"p1\"><b style=\"font-size: 26px; font-family: DinPro-Black, Helvetica, Arial, Lucida, sans-serif;\"><span style=\"font-weight: 400;\"><\/span><\/b><\/h1>\n<h1 class=\"p1\"><b style=\"font-size: 26px; font-family: DinPro-Black, Helvetica, Arial, Lucida, sans-serif;\"><span style=\"font-weight: 400;\"><\/span><\/b><\/h1>\n<h1 class=\"p1\"><b style=\"font-size: 26px; font-family: DinPro-Black, Helvetica, Arial, Lucida, sans-serif;\"><span style=\"font-weight: 400;\"><\/span><\/b><\/h1>\n<h1 class=\"p1\"><b style=\"font-size: 26px; font-family: DinPro-Black, Helvetica, Arial, Lucida, sans-serif;\"><span style=\"font-weight: 400;\"><\/span><\/b><\/h1>\n<h1 class=\"p1\"><b style=\"font-size: 26px; font-family: DinPro-Black, Helvetica, Arial, Lucida, sans-serif;\"><span style=\"font-weight: 400;\">Vendez votre art<\/span>\u00a0!<\/b><\/h1>\n<p class=\"p1\"><span class=\"s1\"><\/span><\/p>\n<p><span style=\"font-weight: 400;\">Chez Instawood nous avons le go\u00fbt du beau. Nous cr\u00e9ons des produits \u00e0 la crois\u00e9e de <\/span><b>l\u2019artisanat<\/b><span style=\"font-weight: 400;\">, <\/span><b>la d\u00e9co<\/b><span style=\"font-weight: 400;\"> et <\/span><b>l\u2019art<\/b><span style=\"font-weight: 400;\">.\u00a0<\/span><\/p>\n<p><span style=\"font-weight: 400;\">Pour nos collections d\u2019Artprints nous sommes constamment \u00e0 la recherche de nouveaux talents \u00e0 soutenir et \u00e0 valoriser.<\/span><\/p>\n<p><span style=\"font-weight: 400;\">Si vous cherchez une boutique d\u2019illustration qui sort du lot pour donner une autre dimension \u00e0 vos \u0153uvres, faisons connaissance !\u00a0<\/span><\/p>\n<h2>\u00a0<\/h2>\n<h2 class=\"p1\"><span style=\"font-family: DinPro-Bold; font-weight: normal;\"><span class=\"s1\" style=\"font-size: x-large;\">Comment vendre votre art avec Instawood ?<\/span><\/span><\/h2>\n<p><span style=\"font-family: DinPro;\"><span class=\"s1\" style=\"font-size: x-large;\"><\/span><\/span><\/p>\n<p><span style=\"font-size: large;\"><strong><span style=\"font-family: DinPro;\"><span class=\"s1\">Les d\u00e9marches pour devenir un artiste d\u2019Instawood<\/span><\/span><\/strong><\/span><\/p>\n<p><span style=\"font-family: DinPro-Bold;\"><strong><span class=\"s1\" style=\"font-size: x-large;\"><\/span><\/strong><\/span><\/p>\n<p><span style=\"font-weight: 400;\">Vous \u00eates un <\/span><b>illustrateur<\/b><span style=\"font-weight: 400;\"> ou une <\/span><b>illustratrice<\/b><span style=\"font-weight: 400;\"> et vous avez <\/span><span style=\"font-weight: 400;\">une s\u00e9rie d\u2019illustrations ou 20 \u0153uvres minimum du m\u00eame th\u00e8me que vous souhaiteriez vendre<\/span><span style=\"font-weight: 400;\"> ? <\/span><span style=\"font-weight: 400;\">Devenez un artiste Instawood et <\/span><b>vendez vos illustrations imprim\u00e9es sur du bois<\/b><span style=\"font-weight: 400;\"> dans le monde entier !<\/span><\/p>\n<p><span style=\"font-weight: 400;\">Pour int\u00e9grer la section ARTPRINT et vendre vos illustrations sur notre site et dans nos boutiques rien de plus simple :<\/span><\/p>\n<ul>\n<li style=\"font-weight: 400;\" aria-level=\"1\"><span style=\"font-weight: 400;\">remplissez le formulaire,\u00a0<\/span><\/li>\n<li style=\"font-weight: 400;\" aria-level=\"1\"><span style=\"font-weight: 400;\">envoyez-nous 5 de vos meilleures illustrations au format .jpeg, et quelques lignes pour d\u00e9crire votre travail\u00a0<\/span><\/li>\n<li style=\"font-weight: 400;\" aria-level=\"1\"><span style=\"font-weight: 400;\">laissez-nous votre compte Instagram et notre \u00e9quipe \u00e9tudiera votre profil et vous recontactera.<\/span><\/li>\n<\/ul>\n<p><span style=\"font-weight: 400;\">Si nous aimons votre travail, bingo ! C\u2019est le d\u00e9but d\u2019une belle collaboration !<\/span><\/p>\n<p><span style=\"font-weight: 400;\"><\/span><\/p>\n<h3 class=\"p1\"><strong><span style=\"font-family: DinPro;\">Vos prints sur des formats originaux<\/span><\/strong><\/h3>\n<p><span style=\"font-family: DinPro; font-weight: normal;\"><\/span><\/p>\n<p><span style=\"font-weight: 400;\">Nos produits se d\u00e9clinent sur deux mat\u00e9riaux : <\/span><b>le bois<\/b><span style=\"font-weight: 400;\"> et <\/span><b>le plexiglass<\/b><span style=\"font-weight: 400;\">. Nous avons un nombre limit\u00e9 de formats qui nous permettent d\u2019avoir une \u00e9co-gestion de nos mati\u00e8res premi\u00e8res et de ne pas en \u201cperdre un copeau\u201d !<\/span><\/p>\n<p><span style=\"font-weight: 400;\"><strong>Les formats<\/strong> : 10&#215;10,10&#215;15, 20&#215;20, 20&#215;30,30&#215;30, 30&#215;40<\/span><\/p>\n<p><span style=\"font-weight: 400;\">Si vos illustrations ne correspondent pas au ratio de nos formats, pas de panique ! Notre \u00e9quipe saura vous conseiller pour adapter vos illustrations \u00e0 nos impressions.<\/span><\/p>\n<p><span style=\"font-weight: 400;\"><\/span><\/p>\n<p><span style=\"font-size: x-large;\"><strong><span style=\"font-family: DinPro-Bold;\">Pourquoi devenir artiste Instawood ?<\/span><\/strong><\/span><\/p>\n<p><span style=\"font-weight: 400;\"><\/span><\/p>\n<h3><span style=\"font-weight: 400;\">une boutique enti\u00e8rement g\u00e9r\u00e9e pour vous<\/span><\/h3>\n<h3><span style=\"font-weight: 400;\"><\/span><\/h3>\n<p><span style=\"font-weight: 400;\">\u00a0<\/span><b style=\"font-size: 15px;\">Lib\u00e9rez-vous de la logistique<\/b><span style=\"font-size: 15px;\"> ! Nos \u00e9quipes s\u2019occupent de tout, de l\u2019impression \u00e0 l\u2019envoi, en passant par le paiement. Vous n\u2019avez rien \u00e0 g\u00e9rer, vous pouvez vous concentrer uniquement sur votre cr\u00e9ation !<\/span><\/p>\n<p><span style=\"font-weight: 400;\"><\/span><\/p>\n<h3><span style=\"font-weight: 400;\">le bois, un support original et g\u00e9r\u00e9 sans perte<\/span><\/h3>\n<p><span style=\"font-weight: 400;\"><\/span><\/p>\n<p><span style=\"font-weight: 400;\">\u00a0<\/span><span style=\"font-size: 15px;\">Le bois est un mat\u00e9riau noble et original ! <\/span><b style=\"font-size: 15px;\">Chaque tirage est unique gr\u00e2ce aux lignes et aux n\u0153uds du bouleau.<\/b><\/p>\n<p><span style=\"font-weight: 400;\">\u00a0<\/span><span style=\"font-size: 15px;\">Vendre ses illustrations avec Instawood c\u2019est aussi s\u2019engager avec une marque qui porte une attention particuli\u00e8re \u00e0 son empreinte sur l\u2019environnement. Notre bois est <\/span><b style=\"font-size: 15px;\">certifi\u00e9 FSC<\/b><span style=\"font-size: 15px;\">, nos formats sont pens\u00e9s de sorte \u00e0 n\u2019avoir <\/span><b style=\"font-size: 15px;\">aucune perte<\/b><span style=\"font-size: 15px;\"> et toutes nos impressions sont <\/span><b style=\"font-size: 15px;\">g\u00e9r\u00e9es en Belgique<\/b><span style=\"font-size: 15px;\"> !<\/span><\/p>\n<p class=\"p1\"><\/p>[\/et_pb_text][\/et_pb_column][et_pb_column type=\u00a0\u00bb1_2&Prime; _builder_version=\u00a0\u00bb3.25&Prime; custom_padding=\u00a0\u00bb|||\u00a0\u00bb global_colors_info=\u00a0\u00bb{}\u00a0\u00bb custom_padding__hover=\u00a0\u00bb|||\u00a0\u00bb][et_pb_code custom_padding=\u00a0\u00bb52px||71px|||\u00a0\u00bb global_colors_info=\u00a0\u00bb{}\u00a0\u00bb][caldera_form id=\u00a0\u00bbCF5c99fb822844a\u00a0\u00bb]<!-- [et_pb_line_break_holder] -->[\/et_pb_code][\/et_pb_column][\/et_pb_row][\/et_pb_section]","protected":false},"excerpt":{"rendered":"<p>Vendez votre art\u00a0! Chez Instawood nous avons le go\u00fbt du beau. Nous cr\u00e9ons des produits \u00e0 la crois\u00e9e de l\u2019artisanat, la d\u00e9co et l\u2019art.\u00a0 Pour nos collections d\u2019Artprints nous sommes constamment \u00e0 la recherche de nouveaux talents \u00e0 soutenir et \u00e0 valoriser. Si vous cherchez une boutique d\u2019illustration qui sort du lot pour donner une [&hellip;]<\/p>\n","protected":false},"author":2,"featured_media":0,"parent":0,"menu_order":0,"comment_status":"closed","ping_status":"closed","template":"","meta":{"_et_pb_use_builder":"on","_et_pb_old_content":"","_et_gb_content_width":"","inline_featured_image":false,"footnotes":""},"class_list":["post-860","page","type-page","status-publish","hentry"],"acf":[],"translations":{"fr":860,"en":18354},"_links":{"self":[{"href":"https:\/\/www.instawood.com\/fr\/wp-json\/wp\/v2\/pages\/860","targetHints":{"allow":["GET"]}}],"collection":[{"href":"https:\/\/www.instawood.com\/fr\/wp-json\/wp\/v2\/pages"}],"about":[{"href":"https:\/\/www.instawood.com\/fr\/wp-json\/wp\/v2\/types\/page"}],"author":[{"embeddable":true,"href":"https:\/\/www.instawood.com\/fr\/wp-json\/wp\/v2\/users\/2"}],"replies":[{"embeddable":true,"href":"https:\/\/www.instawood.com\/fr\/wp-json\/wp\/v2\/comments?post=860"}],"version-history":[{"count":1,"href":"https:\/\/www.instawood.com\/fr\/wp-json\/wp\/v2\/pages\/860\/revisions"}],"predecessor-version":[{"id":93081,"href":"https:\/\/www.instawood.com\/fr\/wp-json\/wp\/v2\/pages\/860\/revisions\/93081"}],"wp:attachment":[{"href":"https:\/\/www.instawood.com\/fr\/wp-json\/wp\/v2\/media?parent=860"}],"curies":[{"name":"wp","href":"https:\/\/api.w.org\/{rel}","templated":true}]}}