{"id":94245,"date":"2021-06-02T12:33:36","date_gmt":"2021-06-02T10:33:36","guid":{"rendered":"https:\/\/www.instawood.com\/accessoires\/"},"modified":"2021-11-23T12:20:37","modified_gmt":"2021-11-23T11:20:37","slug":"accessoires","status":"publish","type":"page","link":"https:\/\/www.instawood.com\/fr\/accessoires\/","title":{"rendered":"Accessoires"},"content":{"rendered":"<p>[et_pb_section fb_built=\u00a0\u00bb1&Prime; _builder_version=\u00a0\u00bb4.9.2&Prime; _module_preset=\u00a0\u00bbdefault\u00a0\u00bb global_colors_info=\u00a0\u00bb{}\u00a0\u00bb][et_pb_row _builder_version=\u00a0\u00bb4.9.2&Prime; _module_preset=\u00a0\u00bbdefault\u00a0\u00bb global_colors_info=\u00a0\u00bb{}\u00a0\u00bb][et_pb_column type=\u00a0\u00bb4_4&Prime; _builder_version=\u00a0\u00bb4.9.2&Prime; _module_preset=\u00a0\u00bbdefault\u00a0\u00bb global_colors_info=\u00a0\u00bb{}\u00a0\u00bb][et_pb_text _builder_version=\u00a0\u00bb4.9.2&Prime; _module_preset=\u00a0\u00bbdefault\u00a0\u00bb header_font=\u00a0\u00bbDinPro-Black|||on|||||\u00a0\u00bb header_text_align=\u00a0\u00bbcenter\u00a0\u00bb header_font_size=\u00a0\u00bb36px\u00a0\u00bb global_colors_info=\u00a0\u00bb{}\u00a0\u00bb inline_fonts=\u00a0\u00bbDinPro\u00a0\u00bb]<\/p>\n<h1><\/h1>\n<h1><\/h1>\n<h1><\/h1>\n<h1><\/h1>\n<h1><\/h1>\n<h1>Accessoires\u00a0<\/h1>\n<p>&nbsp;<\/p>\n<p style=\"text-align: center;\"><span style=\"font-weight: normal; font-family: DinPro; color: #000000;\">Compl\u00e9tez votre d\u00e9coration murale avec diff\u00e9rents accessoires : aimants, cadres et ampoules LED pour votre lightbox.<\/span><\/p>\n<p>[\/et_pb_text][\/et_pb_column][\/et_pb_row][et_pb_row _builder_version=\u00a0\u00bb4.9.2&Prime; _module_preset=\u00a0\u00bbdefault\u00a0\u00bb global_colors_info=\u00a0\u00bb{}\u00a0\u00bb][et_pb_column type=\u00a0\u00bb4_4&Prime; _builder_version=\u00a0\u00bb4.9.2&Prime; _module_preset=\u00a0\u00bbdefault\u00a0\u00bb global_colors_info=\u00a0\u00bb{}\u00a0\u00bb][et_pb_shop type=\u00a0\u00bbproduct_category\u00a0\u00bb include_categories=\u00a0\u00bb352&Prime; columns_number=\u00a0\u00bb3&Prime; orderby=\u00a0\u00bbprice\u00a0\u00bb icon_hover_color=\u00a0\u00bbRGBA(0,0,0,0)\u00a0\u00bb hover_overlay_color=\u00a0\u00bbRGBA(0,0,0,0)\u00a0\u00bb _builder_version=\u00a0\u00bb4.10.4&Prime; _module_preset=\u00a0\u00bbdefault\u00a0\u00bb title_font_size=\u00a0\u00bb21px\u00a0\u00bb price_font=\u00a0\u00bbDinPro||||||||\u00a0\u00bb price_text_color=\u00a0\u00bb#000000&Prime; price_font_size=\u00a0\u00bb18px\u00a0\u00bb hover_enabled=\u00a0\u00bb0&Prime; global_colors_info=\u00a0\u00bb{}\u00a0\u00bb custom_margin=\u00a0\u00bb|||2px||\u00a0\u00bb border_color_all_image=\u00a0\u00bb#000000&Prime; border_width_all_image=\u00a0\u00bb5px\u00a0\u00bb sticky_enabled=\u00a0\u00bb0&Prime;][\/et_pb_shop][\/et_pb_column][\/et_pb_row][\/et_pb_section]<\/p>\n","protected":false},"excerpt":{"rendered":"<p>Accessoires\u00a0 &nbsp; Compl\u00e9tez votre d\u00e9coration murale avec diff\u00e9rents accessoires : aimants, cadres et ampoules LED pour votre lightbox.<\/p>\n","protected":false},"author":2,"featured_media":0,"parent":0,"menu_order":0,"comment_status":"closed","ping_status":"closed","template":"","meta":{"_et_pb_use_builder":"on","_et_pb_old_content":"","_et_gb_content_width":"","inline_featured_image":false,"footnotes":""},"class_list":["post-94245","page","type-page","status-publish","hentry"],"acf":[],"translations":{"en":94239,"fr":94245},"_links":{"self":[{"href":"https:\/\/www.instawood.com\/fr\/wp-json\/wp\/v2\/pages\/94245","targetHints":{"allow":["GET"]}}],"collection":[{"href":"https:\/\/www.instawood.com\/fr\/wp-json\/wp\/v2\/pages"}],"about":[{"href":"https:\/\/www.instawood.com\/fr\/wp-json\/wp\/v2\/types\/page"}],"author":[{"embeddable":true,"href":"https:\/\/www.instawood.com\/fr\/wp-json\/wp\/v2\/users\/2"}],"replies":[{"embeddable":true,"href":"https:\/\/www.instawood.com\/fr\/wp-json\/wp\/v2\/comments?post=94245"}],"version-history":[{"count":2,"href":"https:\/\/www.instawood.com\/fr\/wp-json\/wp\/v2\/pages\/94245\/revisions"}],"predecessor-version":[{"id":94265,"href":"https:\/\/www.instawood.com\/fr\/wp-json\/wp\/v2\/pages\/94245\/revisions\/94265"}],"wp:attachment":[{"href":"https:\/\/www.instawood.com\/fr\/wp-json\/wp\/v2\/media?parent=94245"}],"curies":[{"name":"wp","href":"https:\/\/api.w.org\/{rel}","templated":true}]}}