{"id":94190,"date":"2021-06-02T12:03:35","date_gmt":"2021-06-02T10:03:35","guid":{"rendered":"https:\/\/www.instawood.com\/?post_type=product&#038;p=94190"},"modified":"2025-12-11T12:22:54","modified_gmt":"2025-12-11T11:22:54","slug":"cadre-20x20","status":"publish","type":"product","link":"https:\/\/www.instawood.com\/fr\/boutique\/artprint\/accessoires\/cadre-20x20\/","title":{"rendered":"Cadre 20&#215;20"},"content":{"rendered":"","protected":false},"excerpt":{"rendered":"<p>Ce cadre \u00e0 glissi\u00e8re en bois de sapin certifi\u00e9 FSC va sublimer vos photos ou illustrations, le c\u00f4t\u00e9 naturel ira parfaitement dans votre int\u00e9rieur. Son petit plus, on peut le poser ou l&rsquo;accrocher.<\/p>\n<p class=\"LC20lb DKV0Md\">\u2714\ufe0f Compatible avec les tirages photos 20&#215;20<\/p>\n<p>\u2714\ufe0f Compatible avec les artprint 20&#215;20<\/p>\n<p>\u2714\ufe0f Peut tenir debout ou s&rsquo;accrocher aux murs<\/p>\n","protected":false},"featured_media":94249,"template":"","meta":{"_et_pb_use_builder":"","_et_pb_old_content":"","_et_gb_content_width":"","inline_featured_image":false},"product_cat":[352],"product_tag":[],"class_list":{"0":"post-94190","1":"product","2":"type-product","3":"status-publish","4":"has-post-thumbnail","6":"product_cat-accessoires","8":"first","9":"instock","10":"taxable","11":"shipping-taxable","12":"purchasable","13":"product-type-simple"},"acf":[],"_links":{"self":[{"href":"https:\/\/www.instawood.com\/fr\/wp-json\/wp\/v2\/product\/94190","targetHints":{"allow":["GET"]}}],"collection":[{"href":"https:\/\/www.instawood.com\/fr\/wp-json\/wp\/v2\/product"}],"about":[{"href":"https:\/\/www.instawood.com\/fr\/wp-json\/wp\/v2\/types\/product"}],"wp:featuredmedia":[{"embeddable":true,"href":"https:\/\/www.instawood.com\/fr\/wp-json\/wp\/v2\/media\/94249"}],"wp:attachment":[{"href":"https:\/\/www.instawood.com\/fr\/wp-json\/wp\/v2\/media?parent=94190"}],"wp:term":[{"taxonomy":"product_cat","embeddable":true,"href":"https:\/\/www.instawood.com\/fr\/wp-json\/wp\/v2\/product_cat?post=94190"},{"taxonomy":"product_tag","embeddable":true,"href":"https:\/\/www.instawood.com\/fr\/wp-json\/wp\/v2\/product_tag?post=94190"}],"curies":[{"name":"wp","href":"https:\/\/api.w.org\/{rel}","templated":true}]}}